{"id":20626,"date":"2021-11-11T08:44:43","date_gmt":"2021-11-11T00:44:43","guid":{"rendered":"https:\/\/rstsuspension.com\/quienes-somos\/"},"modified":"2026-03-27T10:30:53","modified_gmt":"2026-03-27T02:30:53","slug":"quienes-somos","status":"publish","type":"page","link":"https:\/\/rstsuspension.com\/es\/quienes-somos\/","title":{"rendered":"Qui\u00e9nes somos"},"content":{"rendered":"\t\t<div data-elementor-type=\"wp-page\" data-elementor-id=\"20626\" class=\"elementor elementor-20626 elementor-1127\" data-elementor-settings=\"{&quot;element_pack_global_tooltip_width&quot;:{&quot;unit&quot;:&quot;px&quot;,&quot;size&quot;:&quot;&quot;,&quot;sizes&quot;:[]},&quot;element_pack_global_tooltip_width_tablet&quot;:{&quot;unit&quot;:&quot;px&quot;,&quot;size&quot;:&quot;&quot;,&quot;sizes&quot;:[]},&quot;element_pack_global_tooltip_width_mobile&quot;:{&quot;unit&quot;:&quot;px&quot;,&quot;size&quot;:&quot;&quot;,&quot;sizes&quot;:[]},&quot;element_pack_global_tooltip_padding&quot;:{&quot;unit&quot;:&quot;px&quot;,&quot;top&quot;:&quot;&quot;,&quot;right&quot;:&quot;&quot;,&quot;bottom&quot;:&quot;&quot;,&quot;left&quot;:&quot;&quot;,&quot;isLinked&quot;:true},&quot;element_pack_global_tooltip_padding_tablet&quot;:{&quot;unit&quot;:&quot;px&quot;,&quot;top&quot;:&quot;&quot;,&quot;right&quot;:&quot;&quot;,&quot;bottom&quot;:&quot;&quot;,&quot;left&quot;:&quot;&quot;,&quot;isLinked&quot;:true},&quot;element_pack_global_tooltip_padding_mobile&quot;:{&quot;unit&quot;:&quot;px&quot;,&quot;top&quot;:&quot;&quot;,&quot;right&quot;:&quot;&quot;,&quot;bottom&quot;:&quot;&quot;,&quot;left&quot;:&quot;&quot;,&quot;isLinked&quot;:true},&quot;element_pack_global_tooltip_border_radius&quot;:{&quot;unit&quot;:&quot;px&quot;,&quot;top&quot;:&quot;&quot;,&quot;right&quot;:&quot;&quot;,&quot;bottom&quot;:&quot;&quot;,&quot;left&quot;:&quot;&quot;,&quot;isLinked&quot;:true},&quot;element_pack_global_tooltip_border_radius_tablet&quot;:{&quot;unit&quot;:&quot;px&quot;,&quot;top&quot;:&quot;&quot;,&quot;right&quot;:&quot;&quot;,&quot;bottom&quot;:&quot;&quot;,&quot;left&quot;:&quot;&quot;,&quot;isLinked&quot;:true},&quot;element_pack_global_tooltip_border_radius_mobile&quot;:{&quot;unit&quot;:&quot;px&quot;,&quot;top&quot;:&quot;&quot;,&quot;right&quot;:&quot;&quot;,&quot;bottom&quot;:&quot;&quot;,&quot;left&quot;:&quot;&quot;,&quot;isLinked&quot;:true}}\" data-elementor-post-type=\"page\">\n\t\t\t\t\t\t<section class=\"elementor-section elementor-top-section elementor-element elementor-element-e1a9106 elementor-section-height-min-height elementor-section-stretched elementor-section-boxed elementor-section-height-default elementor-section-items-middle\" data-id=\"e1a9106\" data-element_type=\"section\" data-e-type=\"section\" data-settings=\"{&quot;stretch_section&quot;:&quot;section-stretched&quot;,&quot;background_background&quot;:&quot;classic&quot;}\">\n\t\t\t\t\t\t<div class=\"elementor-container elementor-column-gap-default\">\n\t\t\t\t\t<div class=\"elementor-column elementor-col-100 elementor-top-column elementor-element elementor-element-fd22ad0\" data-id=\"fd22ad0\" data-element_type=\"column\" data-e-type=\"column\">\n\t\t\t<div class=\"elementor-widget-wrap elementor-element-populated\">\n\t\t\t\t\t\t<div class=\"elementor-element elementor-element-d8ae54c elementor-invisible elementor-widget elementor-widget-heading\" data-id=\"d8ae54c\" data-element_type=\"widget\" data-e-type=\"widget\" data-settings=\"{&quot;_animation&quot;:&quot;fadeInLeft&quot;}\" data-widget_type=\"heading.default\">\n\t\t\t\t<div class=\"elementor-widget-container\">\n\t\t\t\t\t<h2 class=\"elementor-heading-title elementor-size-default\">Fundada en 1972<\/h2>\t\t\t\t<\/div>\n\t\t\t\t<\/div>\n\t\t\t\t<div class=\"elementor-element elementor-element-33c782c elementor-invisible elementor-widget elementor-widget-text-editor\" data-id=\"33c782c\" data-element_type=\"widget\" data-e-type=\"widget\" data-settings=\"{&quot;_animation&quot;:&quot;fadeIn&quot;,&quot;_animation_delay&quot;:700}\" data-widget_type=\"text-editor.default\">\n\t\t\t\t<div class=\"elementor-widget-container\">\n\t\t\t\t\t\t\t\t\t<p>Dah Ken Industrial Co., Ltd. se<br>fund\u00f3 inicialmente para fabricar<br>piezas para autom\u00f3viles y motocicletas. No fue<br>hasta 1990 cuando la empresa<br>decidi\u00f3 centrarse en la<br>fabricaci\u00f3n de horquillas de suspensi\u00f3n delantera<br>para bicicletas. <\/p>\t\t\t\t\t\t\t\t<\/div>\n\t\t\t\t<\/div>\n\t\t\t\t\t<\/div>\n\t\t<\/div>\n\t\t\t\t\t<\/div>\n\t\t<\/section>\n\t\t\t\t<section class=\"elementor-section elementor-top-section elementor-element elementor-element-7cee34d elementor-section-boxed elementor-section-height-default elementor-section-height-default\" data-id=\"7cee34d\" data-element_type=\"section\" data-e-type=\"section\">\n\t\t\t\t\t\t<div class=\"elementor-container elementor-column-gap-default\">\n\t\t\t\t\t<div class=\"elementor-column elementor-col-100 elementor-top-column elementor-element elementor-element-6121754\" data-id=\"6121754\" data-element_type=\"column\" data-e-type=\"column\">\n\t\t\t<div class=\"elementor-widget-wrap elementor-element-populated\">\n\t\t\t\t\t\t<div class=\"elementor-element elementor-element-6b4baf1 elementor-view-default elementor-widget elementor-widget-icon\" data-id=\"6b4baf1\" data-element_type=\"widget\" data-e-type=\"widget\" data-widget_type=\"icon.default\">\n\t\t\t\t<div class=\"elementor-widget-container\">\n\t\t\t\t\t\t\t<div class=\"elementor-icon-wrapper\">\n\t\t\t<div class=\"elementor-icon\">\n\t\t\t\t\t\t<\/div>\n\t\t<\/div>\n\t\t\t\t\t\t<\/div>\n\t\t\t\t<\/div>\n\t\t\t\t<div class=\"elementor-element elementor-element-d476403 elementor-widget elementor-widget-heading\" data-id=\"d476403\" data-element_type=\"widget\" data-e-type=\"widget\" data-widget_type=\"heading.default\">\n\t\t\t\t<div class=\"elementor-widget-container\">\n\t\t\t\t\t<h2 class=\"elementor-heading-title elementor-size-default\">RST en todo el mundo<\/h2>\t\t\t\t<\/div>\n\t\t\t\t<\/div>\n\t\t\t\t<div class=\"elementor-element elementor-element-be5cbca elementor-widget elementor-widget-text-editor\" data-id=\"be5cbca\" data-element_type=\"widget\" data-e-type=\"widget\" data-widget_type=\"text-editor.default\">\n\t\t\t\t<div class=\"elementor-widget-container\">\n\t\t\t\t\t\t\t\t\t<p>Con una presencia en ubicaciones estrat\u00e9gicas clave de todo el mundo, la s\u00f3lida red global de operaciones de RST garantiza que sus productos cuenten con una amplia representaci\u00f3n y un servicio de calidad en todo el mundo. Nuestro reconocimiento mundial se ha logrado no solo gracias al \u00e9xito de los servicios de investigaci\u00f3n, producci\u00f3n, comercializaci\u00f3n y posventa que ofrecen nuestras filiales, sino tambi\u00e9n a trav\u00e9s de la cooperaci\u00f3n con los principales fabricantes de componentes de todo el mundo. Estas alianzas estrat\u00e9gicas no solo han mejorado a\u00fan m\u00e1s el rendimiento de todas las partes implicadas, sino que tambi\u00e9n brindan la oportunidad de poner en com\u00fan tecnolog\u00edas de producci\u00f3n y de avanzar mutuamente mediante el posicionamiento de una marca internacional.<\/p>\t\t\t\t\t\t\t\t<\/div>\n\t\t\t\t<\/div>\n\t\t\t\t<div class=\"elementor-element elementor-element-1978dcf elementor-widget elementor-widget-heading\" data-id=\"1978dcf\" data-element_type=\"widget\" data-e-type=\"widget\" data-widget_type=\"heading.default\">\n\t\t\t\t<div class=\"elementor-widget-container\">\n\t\t\t\t\t<h2 class=\"elementor-heading-title elementor-size-default\">Presentaci\u00f3n de la empresa<\/h2>\t\t\t\t<\/div>\n\t\t\t\t<\/div>\n\t\t\t\t<div class=\"elementor-element elementor-element-1f6937f elementor-widget elementor-widget-text-editor\" data-id=\"1f6937f\" data-element_type=\"widget\" data-e-type=\"widget\" data-widget_type=\"text-editor.default\">\n\t\t\t\t<div class=\"elementor-widget-container\">\n\t\t\t\t\t\t\t\t\tFUNDADA:\nEnero de 1972<br><br>PRINCIPALES \u00c1REAS DE NEGOCIO:\nDise\u00f1o y fabricaci\u00f3n de sistemas de suspensi\u00f3n y frenos de disco para motocicletas y bicicletas. Parrillas para barbacoa. <br><br>PRESIDENTE:\nC. S. Tsai\t\t\t\t\t\t\t\t<\/div>\n\t\t\t\t<\/div>\n\t\t\t\t\t<\/div>\n\t\t<\/div>\n\t\t\t\t\t<\/div>\n\t\t<\/section>\n\t\t\t\t<section class=\"elementor-section elementor-top-section elementor-element elementor-element-a377914 elementor-section-boxed elementor-section-height-default elementor-section-height-default\" data-id=\"a377914\" data-element_type=\"section\" data-e-type=\"section\">\n\t\t\t\t\t\t<div class=\"elementor-container elementor-column-gap-default\">\n\t\t\t\t\t<div class=\"elementor-column elementor-col-33 elementor-top-column elementor-element elementor-element-0f89b55\" data-id=\"0f89b55\" data-element_type=\"column\" data-e-type=\"column\">\n\t\t\t<div class=\"elementor-widget-wrap elementor-element-populated\">\n\t\t\t\t\t\t<div class=\"elementor-element elementor-element-e240c89 elementor-widget elementor-widget-text-editor\" data-id=\"e240c89\" data-element_type=\"widget\" data-e-type=\"widget\" data-widget_type=\"text-editor.default\">\n\t\t\t\t<div class=\"elementor-widget-container\">\n\t\t\t\t\t\t\t\t\t<p>RST Suspension Taiw\u00e1n<br>N.\u00ba 9, calle 371, Huacheng Rd.,<br>Distrito de Xinzhuang<br>Ciudad de Nuevo Taip\u00e9i, 24253<br>Taiw\u00e1n<br>rst@rst.com.tw <\/p>\t\t\t\t\t\t\t\t<\/div>\n\t\t\t\t<\/div>\n\t\t\t\t\t<\/div>\n\t\t<\/div>\n\t\t\t\t<div class=\"elementor-column elementor-col-33 elementor-top-column elementor-element elementor-element-1bdb42e\" data-id=\"1bdb42e\" data-element_type=\"column\" data-e-type=\"column\">\n\t\t\t<div class=\"elementor-widget-wrap elementor-element-populated\">\n\t\t\t\t\t\t<div class=\"elementor-element elementor-element-71aab93 elementor-widget elementor-widget-text-editor\" data-id=\"71aab93\" data-element_type=\"widget\" data-e-type=\"widget\" data-widget_type=\"text-editor.default\">\n\t\t\t\t<div class=\"elementor-widget-container\">\n\t\t\t\t\t\t\t\t\t<p>RST Suspension Europe<br>Hofenerstr. 114<br>D-70372 Stuttgart<br>Alemania<br>info@rst-europe.eu <\/p>\t\t\t\t\t\t\t\t<\/div>\n\t\t\t\t<\/div>\n\t\t\t\t\t<\/div>\n\t\t<\/div>\n\t\t\t\t<div class=\"elementor-column elementor-col-33 elementor-top-column elementor-element elementor-element-274fb4b\" data-id=\"274fb4b\" data-element_type=\"column\" data-e-type=\"column\">\n\t\t\t<div class=\"elementor-widget-wrap elementor-element-populated\">\n\t\t\t\t\t\t<div class=\"elementor-element elementor-element-2da0a7a elementor-widget elementor-widget-text-editor\" data-id=\"2da0a7a\" data-element_type=\"widget\" data-e-type=\"widget\" data-widget_type=\"text-editor.default\">\n\t\t\t\t<div class=\"elementor-widget-container\">\n\t\t\t\t\t\t\t\t\t<p>RST Suspension Austria<br>A\/A THALINGER LANGE GMBH<br>Schubertstrasse 12, A-4600 Wels, Austria<br>Christian.Bartik@rst-europe.eu<\/p>\t\t\t\t\t\t\t\t<\/div>\n\t\t\t\t<\/div>\n\t\t\t\t\t<\/div>\n\t\t<\/div>\n\t\t\t\t\t<\/div>\n\t\t<\/section>\n\t\t\t\t<\/div>\n\t\t","protected":false},"excerpt":{"rendered":"<p>Fundada en 1972 Dah Ken Industrial Co., Ltd. sefund\u00f3 inicialmente para fabricarpiezas para autom\u00f3viles y motocicletas. No fuehasta 1990 cuando la empresadecidi\u00f3 centrarse en lafabricaci\u00f3n de horquillas de suspensi\u00f3n delanterapara bicicletas. RST en todo el mundo Con una presencia en ubicaciones estrat\u00e9gicas clave de todo el mundo, la s\u00f3lida red global de operaciones de RST [&hellip;]<\/p>\n","protected":false},"author":1,"featured_media":20627,"parent":0,"menu_order":0,"comment_status":"closed","ping_status":"closed","template":"","meta":{"footnotes":""},"class_list":["post-20626","page","type-page","status-publish","has-post-thumbnail","hentry"],"yoast_head":"<!-- This site is optimized with the Yoast SEO plugin v27.2 - https:\/\/yoast.com\/product\/yoast-seo-wordpress\/ -->\n<title>Qui\u00e9nes somos - RST Suspension<\/title>\n<meta name=\"robots\" content=\"index, follow, max-snippet:-1, max-image-preview:large, max-video-preview:-1\" \/>\n<link rel=\"canonical\" href=\"https:\/\/rstsuspension.com\/es\/quienes-somos\/\" \/>\n<meta property=\"og:locale\" content=\"es_ES\" \/>\n<meta property=\"og:type\" content=\"article\" \/>\n<meta property=\"og:title\" content=\"Qui\u00e9nes somos - RST Suspension\" \/>\n<meta property=\"og:description\" content=\"Fundada en 1972 Dah Ken Industrial Co., Ltd. sefund\u00f3 inicialmente para fabricarpiezas para autom\u00f3viles y motocicletas. No fuehasta 1990 cuando la empresadecidi\u00f3 centrarse en lafabricaci\u00f3n de horquillas de suspensi\u00f3n delanterapara bicicletas. RST en todo el mundo Con una presencia en ubicaciones estrat\u00e9gicas clave de todo el mundo, la s\u00f3lida red global de operaciones de RST [&hellip;]\" \/>\n<meta property=\"og:url\" content=\"https:\/\/rstsuspension.com\/es\/quienes-somos\/\" \/>\n<meta property=\"og:site_name\" content=\"RST Suspension\" \/>\n<meta property=\"article:modified_time\" content=\"2026-03-27T02:30:53+00:00\" \/>\n<meta property=\"og:image\" content=\"https:\/\/cdn.rstsuspension.com\/image\/2023\/02\/13015606\/woocommerce-placeholder.png\" \/>\n\t<meta property=\"og:image:width\" content=\"1200\" \/>\n\t<meta property=\"og:image:height\" content=\"1200\" \/>\n\t<meta property=\"og:image:type\" content=\"image\/png\" \/>\n<meta name=\"twitter:card\" content=\"summary_large_image\" \/>\n<meta name=\"twitter:label1\" content=\"Tiempo de lectura\" \/>\n\t<meta name=\"twitter:data1\" content=\"1 minuto\" \/>\n<script type=\"application\/ld+json\" class=\"yoast-schema-graph\">{\"@context\":\"https:\/\/schema.org\",\"@graph\":[{\"@type\":\"WebPage\",\"@id\":\"https:\/\/rstsuspension.com\/es\/quienes-somos\/\",\"url\":\"https:\/\/rstsuspension.com\/es\/quienes-somos\/\",\"name\":\"Qui\u00e9nes somos - RST Suspension\",\"isPartOf\":{\"@id\":\"https:\/\/rstsuspension.com\/es\/#website\"},\"primaryImageOfPage\":{\"@id\":\"https:\/\/rstsuspension.com\/es\/quienes-somos\/#primaryimage\"},\"image\":{\"@id\":\"https:\/\/rstsuspension.com\/es\/quienes-somos\/#primaryimage\"},\"thumbnailUrl\":\"https:\/\/cdn.rstsuspension.com\/image\/2023\/02\/13015606\/woocommerce-placeholder.png\",\"datePublished\":\"2021-11-11T00:44:43+00:00\",\"dateModified\":\"2026-03-27T02:30:53+00:00\",\"breadcrumb\":{\"@id\":\"https:\/\/rstsuspension.com\/es\/quienes-somos\/#breadcrumb\"},\"inLanguage\":\"es\",\"potentialAction\":[{\"@type\":\"ReadAction\",\"target\":[\"https:\/\/rstsuspension.com\/es\/quienes-somos\/\"]}]},{\"@type\":\"ImageObject\",\"inLanguage\":\"es\",\"@id\":\"https:\/\/rstsuspension.com\/es\/quienes-somos\/#primaryimage\",\"url\":\"https:\/\/cdn.rstsuspension.com\/image\/2023\/02\/13015606\/woocommerce-placeholder.png\",\"contentUrl\":\"https:\/\/cdn.rstsuspension.com\/image\/2023\/02\/13015606\/woocommerce-placeholder.png\",\"width\":1200,\"height\":1200},{\"@type\":\"BreadcrumbList\",\"@id\":\"https:\/\/rstsuspension.com\/es\/quienes-somos\/#breadcrumb\",\"itemListElement\":[{\"@type\":\"ListItem\",\"position\":1,\"name\":\"Home\",\"item\":\"https:\/\/rstsuspension.com\/es\/\"},{\"@type\":\"ListItem\",\"position\":2,\"name\":\"Qui\u00e9nes somos\"}]},{\"@type\":\"WebSite\",\"@id\":\"https:\/\/rstsuspension.com\/es\/#website\",\"url\":\"https:\/\/rstsuspension.com\/es\/\",\"name\":\"RST Suspension\",\"description\":\"Builders of fine suspension forks\",\"potentialAction\":[{\"@type\":\"SearchAction\",\"target\":{\"@type\":\"EntryPoint\",\"urlTemplate\":\"https:\/\/rstsuspension.com\/es\/?s={search_term_string}\"},\"query-input\":{\"@type\":\"PropertyValueSpecification\",\"valueRequired\":true,\"valueName\":\"search_term_string\"}}],\"inLanguage\":\"es\"}]}<\/script>\n<!-- \/ Yoast SEO plugin. -->","yoast_head_json":{"title":"Qui\u00e9nes somos - RST Suspension","robots":{"index":"index","follow":"follow","max-snippet":"max-snippet:-1","max-image-preview":"max-image-preview:large","max-video-preview":"max-video-preview:-1"},"canonical":"https:\/\/rstsuspension.com\/es\/quienes-somos\/","og_locale":"es_ES","og_type":"article","og_title":"Qui\u00e9nes somos - RST Suspension","og_description":"Fundada en 1972 Dah Ken Industrial Co., Ltd. sefund\u00f3 inicialmente para fabricarpiezas para autom\u00f3viles y motocicletas. No fuehasta 1990 cuando la empresadecidi\u00f3 centrarse en lafabricaci\u00f3n de horquillas de suspensi\u00f3n delanterapara bicicletas. RST en todo el mundo Con una presencia en ubicaciones estrat\u00e9gicas clave de todo el mundo, la s\u00f3lida red global de operaciones de RST [&hellip;]","og_url":"https:\/\/rstsuspension.com\/es\/quienes-somos\/","og_site_name":"RST Suspension","article_modified_time":"2026-03-27T02:30:53+00:00","og_image":[{"width":1200,"height":1200,"url":"https:\/\/cdn.rstsuspension.com\/image\/2023\/02\/13015606\/woocommerce-placeholder.png","type":"image\/png"}],"twitter_card":"summary_large_image","twitter_misc":{"Tiempo de lectura":"1 minuto"},"schema":{"@context":"https:\/\/schema.org","@graph":[{"@type":"WebPage","@id":"https:\/\/rstsuspension.com\/es\/quienes-somos\/","url":"https:\/\/rstsuspension.com\/es\/quienes-somos\/","name":"Qui\u00e9nes somos - RST Suspension","isPartOf":{"@id":"https:\/\/rstsuspension.com\/es\/#website"},"primaryImageOfPage":{"@id":"https:\/\/rstsuspension.com\/es\/quienes-somos\/#primaryimage"},"image":{"@id":"https:\/\/rstsuspension.com\/es\/quienes-somos\/#primaryimage"},"thumbnailUrl":"https:\/\/cdn.rstsuspension.com\/image\/2023\/02\/13015606\/woocommerce-placeholder.png","datePublished":"2021-11-11T00:44:43+00:00","dateModified":"2026-03-27T02:30:53+00:00","breadcrumb":{"@id":"https:\/\/rstsuspension.com\/es\/quienes-somos\/#breadcrumb"},"inLanguage":"es","potentialAction":[{"@type":"ReadAction","target":["https:\/\/rstsuspension.com\/es\/quienes-somos\/"]}]},{"@type":"ImageObject","inLanguage":"es","@id":"https:\/\/rstsuspension.com\/es\/quienes-somos\/#primaryimage","url":"https:\/\/cdn.rstsuspension.com\/image\/2023\/02\/13015606\/woocommerce-placeholder.png","contentUrl":"https:\/\/cdn.rstsuspension.com\/image\/2023\/02\/13015606\/woocommerce-placeholder.png","width":1200,"height":1200},{"@type":"BreadcrumbList","@id":"https:\/\/rstsuspension.com\/es\/quienes-somos\/#breadcrumb","itemListElement":[{"@type":"ListItem","position":1,"name":"Home","item":"https:\/\/rstsuspension.com\/es\/"},{"@type":"ListItem","position":2,"name":"Qui\u00e9nes somos"}]},{"@type":"WebSite","@id":"https:\/\/rstsuspension.com\/es\/#website","url":"https:\/\/rstsuspension.com\/es\/","name":"RST Suspension","description":"Builders of fine suspension forks","potentialAction":[{"@type":"SearchAction","target":{"@type":"EntryPoint","urlTemplate":"https:\/\/rstsuspension.com\/es\/?s={search_term_string}"},"query-input":{"@type":"PropertyValueSpecification","valueRequired":true,"valueName":"search_term_string"}}],"inLanguage":"es"}]}},"_links":{"self":[{"href":"https:\/\/rstsuspension.com\/es\/wp-json\/wp\/v2\/pages\/20626","targetHints":{"allow":["GET"]}}],"collection":[{"href":"https:\/\/rstsuspension.com\/es\/wp-json\/wp\/v2\/pages"}],"about":[{"href":"https:\/\/rstsuspension.com\/es\/wp-json\/wp\/v2\/types\/page"}],"author":[{"embeddable":true,"href":"https:\/\/rstsuspension.com\/es\/wp-json\/wp\/v2\/users\/1"}],"replies":[{"embeddable":true,"href":"https:\/\/rstsuspension.com\/es\/wp-json\/wp\/v2\/comments?post=20626"}],"version-history":[{"count":1,"href":"https:\/\/rstsuspension.com\/es\/wp-json\/wp\/v2\/pages\/20626\/revisions"}],"predecessor-version":[{"id":20628,"href":"https:\/\/rstsuspension.com\/es\/wp-json\/wp\/v2\/pages\/20626\/revisions\/20628"}],"wp:featuredmedia":[{"embeddable":true,"href":"https:\/\/rstsuspension.com\/es\/wp-json\/wp\/v2\/media\/20627"}],"wp:attachment":[{"href":"https:\/\/rstsuspension.com\/es\/wp-json\/wp\/v2\/media?parent=20626"}],"curies":[{"name":"wp","href":"https:\/\/api.w.org\/{rel}","templated":true}]}}