{"id":19493,"date":"2021-11-11T08:44:43","date_gmt":"2021-11-11T00:44:43","guid":{"rendered":"https:\/\/rstsuspension.com\/ueber-uns\/"},"modified":"2026-01-30T08:54:32","modified_gmt":"2026-01-30T00:54:32","slug":"ueber-uns","status":"publish","type":"page","link":"https:\/\/rstsuspension.com\/de\/ueber-uns\/","title":{"rendered":"\u00dcber uns"},"content":{"rendered":"\t\t<div data-elementor-type=\"wp-page\" data-elementor-id=\"19493\" class=\"elementor elementor-19493 elementor-1127\" data-elementor-settings=\"{&quot;element_pack_global_tooltip_width&quot;:{&quot;unit&quot;:&quot;px&quot;,&quot;size&quot;:&quot;&quot;,&quot;sizes&quot;:[]},&quot;element_pack_global_tooltip_width_tablet&quot;:{&quot;unit&quot;:&quot;px&quot;,&quot;size&quot;:&quot;&quot;,&quot;sizes&quot;:[]},&quot;element_pack_global_tooltip_width_mobile&quot;:{&quot;unit&quot;:&quot;px&quot;,&quot;size&quot;:&quot;&quot;,&quot;sizes&quot;:[]},&quot;element_pack_global_tooltip_padding&quot;:{&quot;unit&quot;:&quot;px&quot;,&quot;top&quot;:&quot;&quot;,&quot;right&quot;:&quot;&quot;,&quot;bottom&quot;:&quot;&quot;,&quot;left&quot;:&quot;&quot;,&quot;isLinked&quot;:true},&quot;element_pack_global_tooltip_padding_tablet&quot;:{&quot;unit&quot;:&quot;px&quot;,&quot;top&quot;:&quot;&quot;,&quot;right&quot;:&quot;&quot;,&quot;bottom&quot;:&quot;&quot;,&quot;left&quot;:&quot;&quot;,&quot;isLinked&quot;:true},&quot;element_pack_global_tooltip_padding_mobile&quot;:{&quot;unit&quot;:&quot;px&quot;,&quot;top&quot;:&quot;&quot;,&quot;right&quot;:&quot;&quot;,&quot;bottom&quot;:&quot;&quot;,&quot;left&quot;:&quot;&quot;,&quot;isLinked&quot;:true},&quot;element_pack_global_tooltip_border_radius&quot;:{&quot;unit&quot;:&quot;px&quot;,&quot;top&quot;:&quot;&quot;,&quot;right&quot;:&quot;&quot;,&quot;bottom&quot;:&quot;&quot;,&quot;left&quot;:&quot;&quot;,&quot;isLinked&quot;:true},&quot;element_pack_global_tooltip_border_radius_tablet&quot;:{&quot;unit&quot;:&quot;px&quot;,&quot;top&quot;:&quot;&quot;,&quot;right&quot;:&quot;&quot;,&quot;bottom&quot;:&quot;&quot;,&quot;left&quot;:&quot;&quot;,&quot;isLinked&quot;:true},&quot;element_pack_global_tooltip_border_radius_mobile&quot;:{&quot;unit&quot;:&quot;px&quot;,&quot;top&quot;:&quot;&quot;,&quot;right&quot;:&quot;&quot;,&quot;bottom&quot;:&quot;&quot;,&quot;left&quot;:&quot;&quot;,&quot;isLinked&quot;:true}}\" data-elementor-post-type=\"page\">\n\t\t\t\t\t\t<section class=\"elementor-section elementor-top-section elementor-element elementor-element-e1a9106 elementor-section-height-min-height elementor-section-stretched elementor-section-boxed elementor-section-height-default elementor-section-items-middle\" data-id=\"e1a9106\" data-element_type=\"section\" data-e-type=\"section\" data-settings=\"{&quot;stretch_section&quot;:&quot;section-stretched&quot;,&quot;background_background&quot;:&quot;classic&quot;}\">\n\t\t\t\t\t\t<div class=\"elementor-container elementor-column-gap-default\">\n\t\t\t\t\t<div class=\"elementor-column elementor-col-100 elementor-top-column elementor-element elementor-element-fd22ad0\" data-id=\"fd22ad0\" data-element_type=\"column\" data-e-type=\"column\">\n\t\t\t<div class=\"elementor-widget-wrap elementor-element-populated\">\n\t\t\t\t\t\t<div class=\"elementor-element elementor-element-d8ae54c elementor-invisible elementor-widget elementor-widget-heading\" data-id=\"d8ae54c\" data-element_type=\"widget\" data-e-type=\"widget\" data-settings=\"{&quot;_animation&quot;:&quot;fadeInLeft&quot;}\" data-widget_type=\"heading.default\">\n\t\t\t\t<div class=\"elementor-widget-container\">\n\t\t\t\t\t<h2 class=\"elementor-heading-title elementor-size-default\">Gegr\u00fcndet 1972<\/h2>\t\t\t\t<\/div>\n\t\t\t\t<\/div>\n\t\t\t\t<div class=\"elementor-element elementor-element-33c782c elementor-invisible elementor-widget elementor-widget-text-editor\" data-id=\"33c782c\" data-element_type=\"widget\" data-e-type=\"widget\" data-settings=\"{&quot;_animation&quot;:&quot;fadeIn&quot;,&quot;_animation_delay&quot;:700}\" data-widget_type=\"text-editor.default\">\n\t\t\t\t<div class=\"elementor-widget-container\">\n\t\t\t\t\t\t\t\t\t<p>Die Dah Ken Industrial Co., Ltd. wurde urspr\u00fcnglich gegr\u00fcndet, um Autoteile und Motorradteile herzustellen. Erst 1990 entschied das Unternehmen, sich auf die Produktion von Vorderradaufh\u00e4ngungen f\u00fcr Fahrr\u00e4der zu konzentrieren. <\/p>\t\t\t\t\t\t\t\t<\/div>\n\t\t\t\t<\/div>\n\t\t\t\t\t<\/div>\n\t\t<\/div>\n\t\t\t\t\t<\/div>\n\t\t<\/section>\n\t\t\t\t<section class=\"elementor-section elementor-top-section elementor-element elementor-element-7cee34d elementor-section-boxed elementor-section-height-default elementor-section-height-default\" data-id=\"7cee34d\" data-element_type=\"section\" data-e-type=\"section\">\n\t\t\t\t\t\t<div class=\"elementor-container elementor-column-gap-default\">\n\t\t\t\t\t<div class=\"elementor-column elementor-col-100 elementor-top-column elementor-element elementor-element-6121754\" data-id=\"6121754\" data-element_type=\"column\" data-e-type=\"column\">\n\t\t\t<div class=\"elementor-widget-wrap elementor-element-populated\">\n\t\t\t\t\t\t<div class=\"elementor-element elementor-element-6b4baf1 elementor-view-default elementor-widget elementor-widget-icon\" data-id=\"6b4baf1\" data-element_type=\"widget\" data-e-type=\"widget\" data-widget_type=\"icon.default\">\n\t\t\t\t<div class=\"elementor-widget-container\">\n\t\t\t\t\t\t\t<div class=\"elementor-icon-wrapper\">\n\t\t\t<div class=\"elementor-icon\">\n\t\t\t\t\t\t<\/div>\n\t\t<\/div>\n\t\t\t\t\t\t<\/div>\n\t\t\t\t<\/div>\n\t\t\t\t<div class=\"elementor-element elementor-element-d476403 elementor-widget elementor-widget-heading\" data-id=\"d476403\" data-element_type=\"widget\" data-e-type=\"widget\" data-widget_type=\"heading.default\">\n\t\t\t\t<div class=\"elementor-widget-container\">\n\t\t\t\t\t<h2 class=\"elementor-heading-title elementor-size-default\">RST weltweit<\/h2>\t\t\t\t<\/div>\n\t\t\t\t<\/div>\n\t\t\t\t<div class=\"elementor-element elementor-element-be5cbca elementor-widget elementor-widget-text-editor\" data-id=\"be5cbca\" data-element_type=\"widget\" data-e-type=\"widget\" data-widget_type=\"text-editor.default\">\n\t\t\t\t<div class=\"elementor-widget-container\">\n\t\t\t\t\t\t\t\t\t<p>RST verf\u00fcgt \u00fcber ein solides globales Betriebsnetzwerk, das an strategisch wichtigen Standorten weltweit positioniert ist und sicherstellt, dass seine Produkte weltweit gut vertreten und betreut werden. Unser weltweiter Ruf beruht nicht nur auf den erfolgreichen Forschungs-, Produktions-, Vermarktungs- und Kundendienstleistungen unserer Tochtergesellschaften, sondern auch auf der Zusammenarbeit mit f\u00fchrenden Komponentenherstellern weltweit. Solche strategischen Allianzen haben nicht nur die Leistungsf\u00e4higkeit aller Beteiligten weiter verbessert, sondern bieten auch die M\u00f6glichkeit, Produktionsverfahren zu b\u00fcndeln und gemeinsam durch die Positionierung einer internationalen Marke voranzukommen.<\/p>\t\t\t\t\t\t\t\t<\/div>\n\t\t\t\t<\/div>\n\t\t\t\t<div class=\"elementor-element elementor-element-1978dcf elementor-widget elementor-widget-heading\" data-id=\"1978dcf\" data-element_type=\"widget\" data-e-type=\"widget\" data-widget_type=\"heading.default\">\n\t\t\t\t<div class=\"elementor-widget-container\">\n\t\t\t\t\t<h2 class=\"elementor-heading-title elementor-size-default\">Unternehmens\u00fcbersicht<\/h2>\t\t\t\t<\/div>\n\t\t\t\t<\/div>\n\t\t\t\t<div class=\"elementor-element elementor-element-1f6937f elementor-widget elementor-widget-text-editor\" data-id=\"1f6937f\" data-element_type=\"widget\" data-e-type=\"widget\" data-widget_type=\"text-editor.default\">\n\t\t\t\t<div class=\"elementor-widget-container\">\n\t\t\t\t\t\t\t\t\tGegr\u00fcndet: \nJanuar 1972<br><br>HAUPTGESCH\u00c4FTSFELDER:\nEntwicklung und Fertigung von Aufh\u00e4ngungs- und Scheibenbremssystemen f\u00fcr Motorr\u00e4der und Fahrr\u00e4der. Grillger\u00e4te. <br><br>PRESIDENT:\nC.S.Tsai\t\t\t\t\t\t\t\t<\/div>\n\t\t\t\t<\/div>\n\t\t\t\t\t<\/div>\n\t\t<\/div>\n\t\t\t\t\t<\/div>\n\t\t<\/section>\n\t\t\t\t<section class=\"elementor-section elementor-top-section elementor-element elementor-element-a377914 elementor-section-boxed elementor-section-height-default elementor-section-height-default\" data-id=\"a377914\" data-element_type=\"section\" data-e-type=\"section\">\n\t\t\t\t\t\t<div class=\"elementor-container elementor-column-gap-default\">\n\t\t\t\t\t<div class=\"elementor-column elementor-col-33 elementor-top-column elementor-element elementor-element-0f89b55\" data-id=\"0f89b55\" data-element_type=\"column\" data-e-type=\"column\">\n\t\t\t<div class=\"elementor-widget-wrap elementor-element-populated\">\n\t\t\t\t\t\t<div class=\"elementor-element elementor-element-e240c89 elementor-widget elementor-widget-text-editor\" data-id=\"e240c89\" data-element_type=\"widget\" data-e-type=\"widget\" data-widget_type=\"text-editor.default\">\n\t\t\t\t<div class=\"elementor-widget-container\">\n\t\t\t\t\t\t\t\t\t<p>RST Suspension Taiwan<br>No.9, Ln. 371, Huacheng Rd., <br>Xinzhuang Dist.<br>New Taipei city, 24253<br>Taiwan<br>rst@rst.com.tw <\/p>\t\t\t\t\t\t\t\t<\/div>\n\t\t\t\t<\/div>\n\t\t\t\t\t<\/div>\n\t\t<\/div>\n\t\t\t\t<div class=\"elementor-column elementor-col-33 elementor-top-column elementor-element elementor-element-1bdb42e\" data-id=\"1bdb42e\" data-element_type=\"column\" data-e-type=\"column\">\n\t\t\t<div class=\"elementor-widget-wrap elementor-element-populated\">\n\t\t\t\t\t\t<div class=\"elementor-element elementor-element-71aab93 elementor-widget elementor-widget-text-editor\" data-id=\"71aab93\" data-element_type=\"widget\" data-e-type=\"widget\" data-widget_type=\"text-editor.default\">\n\t\t\t\t<div class=\"elementor-widget-container\">\n\t\t\t\t\t\t\t\t\t<p>RST Suspension Europe<br>Hofenerstr. 114<br>D-70372 Stuttgart<br>Germany<br>info@rst-europe.eu <\/p>\t\t\t\t\t\t\t\t<\/div>\n\t\t\t\t<\/div>\n\t\t\t\t\t<\/div>\n\t\t<\/div>\n\t\t\t\t<div class=\"elementor-column elementor-col-33 elementor-top-column elementor-element elementor-element-274fb4b\" data-id=\"274fb4b\" data-element_type=\"column\" data-e-type=\"column\">\n\t\t\t<div class=\"elementor-widget-wrap elementor-element-populated\">\n\t\t\t\t\t\t<div class=\"elementor-element elementor-element-2da0a7a elementor-widget elementor-widget-text-editor\" data-id=\"2da0a7a\" data-element_type=\"widget\" data-e-type=\"widget\" data-widget_type=\"text-editor.default\">\n\t\t\t\t<div class=\"elementor-widget-container\">\n\t\t\t\t\t\t\t\t\t<p>RST Suspension Austria<br>C\/O THALINGER LANGE GMBH<br>Schubertstrasse 12 A-4600 Wels,Austria<br>Christian.Bartik@rst-europe.eu<\/p>\t\t\t\t\t\t\t\t<\/div>\n\t\t\t\t<\/div>\n\t\t\t\t\t<\/div>\n\t\t<\/div>\n\t\t\t\t\t<\/div>\n\t\t<\/section>\n\t\t\t\t<\/div>\n\t\t","protected":false},"excerpt":{"rendered":"<p>Gegr\u00fcndet 1972 Die Dah Ken Industrial Co., Ltd. wurde urspr\u00fcnglich gegr\u00fcndet, um Autoteile und Motorradteile herzustellen. Erst 1990 entschied das Unternehmen, sich auf die Produktion von Vorderradaufh\u00e4ngungen f\u00fcr Fahrr\u00e4der zu konzentrieren. RST weltweit RST verf\u00fcgt \u00fcber ein solides globales Betriebsnetzwerk, das an strategisch wichtigen Standorten weltweit positioniert ist und sicherstellt, dass seine Produkte weltweit gut [&hellip;]<\/p>\n","protected":false},"author":1,"featured_media":19494,"parent":0,"menu_order":0,"comment_status":"closed","ping_status":"closed","template":"","meta":{"footnotes":""},"class_list":["post-19493","page","type-page","status-publish","has-post-thumbnail","hentry"],"yoast_head":"<!-- This site is optimized with the Yoast SEO plugin v27.2 - https:\/\/yoast.com\/product\/yoast-seo-wordpress\/ -->\n<title>\u00dcber uns - RST Suspension<\/title>\n<meta name=\"robots\" content=\"index, follow, max-snippet:-1, max-image-preview:large, max-video-preview:-1\" \/>\n<link rel=\"canonical\" href=\"https:\/\/rstsuspension.com\/de\/ueber-uns\/\" \/>\n<meta property=\"og:locale\" content=\"de_DE\" \/>\n<meta property=\"og:type\" content=\"article\" \/>\n<meta property=\"og:title\" content=\"\u00dcber uns - RST Suspension\" \/>\n<meta property=\"og:description\" content=\"Gegr\u00fcndet 1972 Die Dah Ken Industrial Co., Ltd. wurde urspr\u00fcnglich gegr\u00fcndet, um Autoteile und Motorradteile herzustellen. Erst 1990 entschied das Unternehmen, sich auf die Produktion von Vorderradaufh\u00e4ngungen f\u00fcr Fahrr\u00e4der zu konzentrieren. RST weltweit RST verf\u00fcgt \u00fcber ein solides globales Betriebsnetzwerk, das an strategisch wichtigen Standorten weltweit positioniert ist und sicherstellt, dass seine Produkte weltweit gut [&hellip;]\" \/>\n<meta property=\"og:url\" content=\"https:\/\/rstsuspension.com\/de\/ueber-uns\/\" \/>\n<meta property=\"og:site_name\" content=\"RST Suspension\" \/>\n<meta property=\"article:modified_time\" content=\"2026-01-30T00:54:32+00:00\" \/>\n<meta property=\"og:image\" content=\"https:\/\/cdn.rstsuspension.com\/image\/2023\/02\/13015606\/woocommerce-placeholder.png\" \/>\n\t<meta property=\"og:image:width\" content=\"1200\" \/>\n\t<meta property=\"og:image:height\" content=\"1200\" \/>\n\t<meta property=\"og:image:type\" content=\"image\/png\" \/>\n<meta name=\"twitter:card\" content=\"summary_large_image\" \/>\n<meta name=\"twitter:label1\" content=\"Gesch\u00e4tzte Lesezeit\" \/>\n\t<meta name=\"twitter:data1\" content=\"1\u00a0Minute\" \/>\n<script type=\"application\/ld+json\" class=\"yoast-schema-graph\">{\"@context\":\"https:\/\/schema.org\",\"@graph\":[{\"@type\":\"WebPage\",\"@id\":\"https:\/\/rstsuspension.com\/de\/ueber-uns\/\",\"url\":\"https:\/\/rstsuspension.com\/de\/ueber-uns\/\",\"name\":\"\u00dcber uns - RST Suspension\",\"isPartOf\":{\"@id\":\"https:\/\/rstsuspension.com\/de\/#website\"},\"primaryImageOfPage\":{\"@id\":\"https:\/\/rstsuspension.com\/de\/ueber-uns\/#primaryimage\"},\"image\":{\"@id\":\"https:\/\/rstsuspension.com\/de\/ueber-uns\/#primaryimage\"},\"thumbnailUrl\":\"https:\/\/cdn.rstsuspension.com\/image\/2023\/02\/13015606\/woocommerce-placeholder.png\",\"datePublished\":\"2021-11-11T00:44:43+00:00\",\"dateModified\":\"2026-01-30T00:54:32+00:00\",\"breadcrumb\":{\"@id\":\"https:\/\/rstsuspension.com\/de\/ueber-uns\/#breadcrumb\"},\"inLanguage\":\"de\",\"potentialAction\":[{\"@type\":\"ReadAction\",\"target\":[\"https:\/\/rstsuspension.com\/de\/ueber-uns\/\"]}]},{\"@type\":\"ImageObject\",\"inLanguage\":\"de\",\"@id\":\"https:\/\/rstsuspension.com\/de\/ueber-uns\/#primaryimage\",\"url\":\"https:\/\/cdn.rstsuspension.com\/image\/2023\/02\/13015606\/woocommerce-placeholder.png\",\"contentUrl\":\"https:\/\/cdn.rstsuspension.com\/image\/2023\/02\/13015606\/woocommerce-placeholder.png\",\"width\":1200,\"height\":1200},{\"@type\":\"BreadcrumbList\",\"@id\":\"https:\/\/rstsuspension.com\/de\/ueber-uns\/#breadcrumb\",\"itemListElement\":[{\"@type\":\"ListItem\",\"position\":1,\"name\":\"Home\",\"item\":\"https:\/\/rstsuspension.com\/de\/\"},{\"@type\":\"ListItem\",\"position\":2,\"name\":\"\u00dcber uns\"}]},{\"@type\":\"WebSite\",\"@id\":\"https:\/\/rstsuspension.com\/de\/#website\",\"url\":\"https:\/\/rstsuspension.com\/de\/\",\"name\":\"RST Suspension\",\"description\":\"Builders of fine suspension forks\",\"potentialAction\":[{\"@type\":\"SearchAction\",\"target\":{\"@type\":\"EntryPoint\",\"urlTemplate\":\"https:\/\/rstsuspension.com\/de\/?s={search_term_string}\"},\"query-input\":{\"@type\":\"PropertyValueSpecification\",\"valueRequired\":true,\"valueName\":\"search_term_string\"}}],\"inLanguage\":\"de\"}]}<\/script>\n<!-- \/ Yoast SEO plugin. -->","yoast_head_json":{"title":"\u00dcber uns - RST Suspension","robots":{"index":"index","follow":"follow","max-snippet":"max-snippet:-1","max-image-preview":"max-image-preview:large","max-video-preview":"max-video-preview:-1"},"canonical":"https:\/\/rstsuspension.com\/de\/ueber-uns\/","og_locale":"de_DE","og_type":"article","og_title":"\u00dcber uns - RST Suspension","og_description":"Gegr\u00fcndet 1972 Die Dah Ken Industrial Co., Ltd. wurde urspr\u00fcnglich gegr\u00fcndet, um Autoteile und Motorradteile herzustellen. Erst 1990 entschied das Unternehmen, sich auf die Produktion von Vorderradaufh\u00e4ngungen f\u00fcr Fahrr\u00e4der zu konzentrieren. RST weltweit RST verf\u00fcgt \u00fcber ein solides globales Betriebsnetzwerk, das an strategisch wichtigen Standorten weltweit positioniert ist und sicherstellt, dass seine Produkte weltweit gut [&hellip;]","og_url":"https:\/\/rstsuspension.com\/de\/ueber-uns\/","og_site_name":"RST Suspension","article_modified_time":"2026-01-30T00:54:32+00:00","og_image":[{"width":1200,"height":1200,"url":"https:\/\/cdn.rstsuspension.com\/image\/2023\/02\/13015606\/woocommerce-placeholder.png","type":"image\/png"}],"twitter_card":"summary_large_image","twitter_misc":{"Gesch\u00e4tzte Lesezeit":"1\u00a0Minute"},"schema":{"@context":"https:\/\/schema.org","@graph":[{"@type":"WebPage","@id":"https:\/\/rstsuspension.com\/de\/ueber-uns\/","url":"https:\/\/rstsuspension.com\/de\/ueber-uns\/","name":"\u00dcber uns - RST Suspension","isPartOf":{"@id":"https:\/\/rstsuspension.com\/de\/#website"},"primaryImageOfPage":{"@id":"https:\/\/rstsuspension.com\/de\/ueber-uns\/#primaryimage"},"image":{"@id":"https:\/\/rstsuspension.com\/de\/ueber-uns\/#primaryimage"},"thumbnailUrl":"https:\/\/cdn.rstsuspension.com\/image\/2023\/02\/13015606\/woocommerce-placeholder.png","datePublished":"2021-11-11T00:44:43+00:00","dateModified":"2026-01-30T00:54:32+00:00","breadcrumb":{"@id":"https:\/\/rstsuspension.com\/de\/ueber-uns\/#breadcrumb"},"inLanguage":"de","potentialAction":[{"@type":"ReadAction","target":["https:\/\/rstsuspension.com\/de\/ueber-uns\/"]}]},{"@type":"ImageObject","inLanguage":"de","@id":"https:\/\/rstsuspension.com\/de\/ueber-uns\/#primaryimage","url":"https:\/\/cdn.rstsuspension.com\/image\/2023\/02\/13015606\/woocommerce-placeholder.png","contentUrl":"https:\/\/cdn.rstsuspension.com\/image\/2023\/02\/13015606\/woocommerce-placeholder.png","width":1200,"height":1200},{"@type":"BreadcrumbList","@id":"https:\/\/rstsuspension.com\/de\/ueber-uns\/#breadcrumb","itemListElement":[{"@type":"ListItem","position":1,"name":"Home","item":"https:\/\/rstsuspension.com\/de\/"},{"@type":"ListItem","position":2,"name":"\u00dcber uns"}]},{"@type":"WebSite","@id":"https:\/\/rstsuspension.com\/de\/#website","url":"https:\/\/rstsuspension.com\/de\/","name":"RST Suspension","description":"Builders of fine suspension forks","potentialAction":[{"@type":"SearchAction","target":{"@type":"EntryPoint","urlTemplate":"https:\/\/rstsuspension.com\/de\/?s={search_term_string}"},"query-input":{"@type":"PropertyValueSpecification","valueRequired":true,"valueName":"search_term_string"}}],"inLanguage":"de"}]}},"_links":{"self":[{"href":"https:\/\/rstsuspension.com\/de\/wp-json\/wp\/v2\/pages\/19493","targetHints":{"allow":["GET"]}}],"collection":[{"href":"https:\/\/rstsuspension.com\/de\/wp-json\/wp\/v2\/pages"}],"about":[{"href":"https:\/\/rstsuspension.com\/de\/wp-json\/wp\/v2\/types\/page"}],"author":[{"embeddable":true,"href":"https:\/\/rstsuspension.com\/de\/wp-json\/wp\/v2\/users\/1"}],"replies":[{"embeddable":true,"href":"https:\/\/rstsuspension.com\/de\/wp-json\/wp\/v2\/comments?post=19493"}],"version-history":[{"count":1,"href":"https:\/\/rstsuspension.com\/de\/wp-json\/wp\/v2\/pages\/19493\/revisions"}],"predecessor-version":[{"id":19495,"href":"https:\/\/rstsuspension.com\/de\/wp-json\/wp\/v2\/pages\/19493\/revisions\/19495"}],"wp:featuredmedia":[{"embeddable":true,"href":"https:\/\/rstsuspension.com\/de\/wp-json\/wp\/v2\/media\/19494"}],"wp:attachment":[{"href":"https:\/\/rstsuspension.com\/de\/wp-json\/wp\/v2\/media?parent=19493"}],"curies":[{"name":"wp","href":"https:\/\/api.w.org\/{rel}","templated":true}]}}